{"id":1765,"date":"2024-05-08T16:01:49","date_gmt":"2024-05-08T13:01:49","guid":{"rendered":"https:\/\/tjt.ee\/asukoht-2\/"},"modified":"2025-10-06T10:12:01","modified_gmt":"2025-10-06T07:12:01","slug":"asukoht-2","status":"publish","type":"page","link":"https:\/\/tjt.ee\/ru\/asukoht-2\/","title":{"rendered":"\u041a\u043e\u043d\u0442\u0430\u043a\u0442\u044b"},"content":{"rendered":"  <section  class=\"block__wrapper simple-content max--width--full block__transparent   \" >\n    <div class=\"simple-content__wrapper\">\n      <div class=\"et_pb_module et_pb_text et_pb_text_1 et_pb_bg_layout_light et_pb_text_align_left\">\n<div class=\"et_pb_text_inner\">\n<p class=\"p1\"><strong>\u041e\u0422\u0414\u0415\u041b \u0412\u042b\u0412\u041e\u0417\u0410 \u041e\u0422\u0425\u041e\u0414\u041e\u0412 TJT<\/strong><\/p>\n<p class=\"p1\">\u041c\u044b \u043f\u0440\u0435\u0434\u043b\u0430\u0433\u0430\u0435\u043c \u043f\u0440\u043e\u0444\u0435\u0441\u0441\u0438\u043e\u043d\u0430\u043b\u044c\u043d\u044b\u0435 \u0438 \u043d\u0430\u0434\u0435\u0436\u043d\u044b\u0435 \u0443\u0441\u043b\u0443\u0433\u0438 \u043f\u043e \u0442\u0440\u0430\u043d\u0441\u043f\u043e\u0440\u0442\u0438\u0440\u043e\u0432\u043a\u0435 \u043e\u0442\u0445\u043e\u0434\u043e\u0432 \u043a\u0430\u043a \u0447\u0430\u0441\u0442\u043d\u044b\u043c, \u0442\u0430\u043a \u0438 \u0431\u0438\u0437\u043d\u0435\u0441-\u043a\u043b\u0438\u0435\u043d\u0442\u0430\u043c \u0432 \u0440\u0435\u0433\u0438\u043e\u043d\u0435 \u0425\u0430\u0440\u044c\u044e\u043c\u0430\u0430. \u041d\u0430\u0448\u0430 \u0443\u0441\u043b\u0443\u0433\u0430 \u0432\u043a\u043b\u044e\u0447\u0430\u0435\u0442 \u0432 \u0441\u0435\u0431\u044f \u0432\u044b\u0432\u043e\u0437 \u0440\u0430\u0437\u043b\u0438\u0447\u043d\u044b\u0445 \u0432\u0438\u0434\u043e\u0432 \u043e\u0442\u0445\u043e\u0434\u043e\u0432, \u0432 \u0442.\u0447. \u0441\u043c\u0435\u0448\u0430\u043d\u043d\u044b\u0435 \u0431\u044b\u0442\u043e\u0432\u044b\u0435 \u043e\u0442\u0445\u043e\u0434\u044b, \u0431\u0438\u043e\u0440\u0430\u0437\u043b\u0430\u0433\u0430\u0435\u043c\u044b\u0435 \u043e\u0442\u0445\u043e\u0434\u044b, \u043e\u0442\u0445\u043e\u0434\u044b \u0436\u0438\u0432\u043e\u0442\u043d\u043e\u0433\u043e \u043f\u0440\u043e\u0438\u0441\u0445\u043e\u0436\u0434\u043d\u0435\u043d\u0438\u044f, \u0431\u0443\u043c\u0430\u0433\u0443 \u0438 \u043a\u0430\u0440\u0442\u043e\u043d, \u0441\u0430\u0434\u043e\u0432\u044b\u0435 \u0438 \u043f\u0430\u0440\u043a\u043e\u0432\u044b\u0435 \u043e\u0442\u0445\u043e\u0434\u044b, \u043a\u0440\u0443\u043f\u043d\u043e\u0433\u0430\u0431\u0430\u0440\u0438\u0442\u043d\u044b\u0435 \u043e\u0442\u0445\u043e\u0434\u044b \u0438 \u0441\u0442\u0440\u043e\u0438\u0442\u0435\u043b\u044c\u043d\u044b\u0435 \u043e\u0442\u0445\u043e\u0434\u044b. \u041a\u0440\u043e\u043c\u0435 \u0442\u043e\u0433\u043e, \u043c\u044b \u043f\u0440\u0435\u0434\u043b\u0430\u0433\u0430\u0435\u043c \u0443\u0441\u043b\u0443\u0433\u0438 \u0430\u0440\u0435\u043d\u0434\u044b \u0438 \u0442\u0440\u0430\u043d\u0441\u043f\u043e\u0440\u0442\u0438\u0440\u043e\u0432\u043a\u0438 \u043c\u0443\u043b\u044c\u0442\u0438\u043b\u0438\u0444\u0442\u043e\u0432\u044b\u0445 \u043a\u043e\u043d\u0442\u0435\u0439\u043d\u0435\u0440\u043e\u0432, \u043e\u043f\u043e\u0440\u043e\u0436\u043d\u0435\u043d\u0438\u0435 \u043f\u043e\u0434\u0437\u0435\u043c\u043d\u044b\u0445 \u043c\u0443\u0441\u043e\u0440\u043d\u044b\u0445 \u043a\u043e\u043d\u0442\u0435\u0439\u043d\u0435\u0440\u043e\u0432, \u0441\u0431\u043e\u0440 \u043e\u0434\u0435\u0436\u0434\u044b \u0438 \u043a\u043e\u043c\u043f\u043b\u0435\u043a\u0441\u043d\u043e\u0435 \u043a\u043e\u043d\u0441\u0443\u043b\u044c\u0442\u0438\u0440\u043e\u0432\u0430\u043d\u0438\u0435 \u043f\u043e \u043f\u0440\u0430\u0432\u0438\u043b\u044c\u043d\u043e\u043c\u0443 \u043e\u0431\u0440\u0430\u0449\u0435\u043d\u0438\u044e \u0441 \u043e\u0442\u0445\u043e\u0434\u0430\u043c\u0438.<\/p>\n<\/div>\n<\/div>\n    <\/div>\n      <\/section>\n\n\n\n  <section  class=\"block__wrapper location max--width--full block__transparent   \" >\n    <div class=\"location__title\">\u041c\u0435\u0441\u0442\u043e\u043f\u043e\u043b\u043e\u0436\u0435\u043d\u0438\u0435<\/div>\n    <div class=\"location__wrapper\">\n      <div class=\"location__item \">\n        <div class=\"location__item--map\">\n                      <iframe src=\"https:\/\/www.google.com\/maps\/embed?pb=!1m18!1m12!1m3!1d2030.005627566459!2d24.847925677531926!3d59.41630107465654!2m3!1f0!2f0!3f0!3m2!1i1024!2i768!4f13.1!3m3!1m2!1s0x4692ec9d3eac4c89%3A0x955c1a7d17521d24!2sSuur-S%C3%B5jam%C3%A4e%2029a%2C%2011415%20Tallinn!5e0!3m2!1sen!2see!4v1715173549611!5m2!1sen!2see\" width=\"100%\" height=\"450\" style=\"border:0;\" allowfullscreen=\"\" loading=\"lazy\" referrerpolicy=\"no-referrer-when-downgrade\"><\/iframe>                  <\/div>\n\n        <div class=\"location__item--content\">\n\n                      <div class=\"location__contacts\">\n              \n                                  <p class=\"location__contacts--title\">\u041e\u0422\u0414\u0415\u041b \u0412\u042b\u0412\u041e\u0417\u0410 \u041e\u0422\u0425\u041e\u0414\u041e\u0412 TJT<\/p>\n                \n                                  <ul class=\"location__contacts--items\">\n                    \n                      <li>\n                        <i data-feather='map-pin' color=\"#272829\"><\/i>\n\n                                                  <span>Suur-S\u00f5jam\u00e4e 29a, Tallinn 11415<\/span>\n                                              <\/li>\n\n                                      <\/ul>\n                              \n                                  <p class=\"location__contacts--title\">\u0412\u0440\u0435\u043c\u044f \u0440\u0430\u0431\u043e\u0442\u044b<\/p>\n                \n                                  <ul class=\"location__contacts--items\">\n                    \n                      <li>\n                        <i data-feather='clock' color=\"#272829\"><\/i>\n\n                                                  <span>\u041f\u043d. &#8212; \u041f\u0442. 08:15 &#8212; 17:00<\/span>\n                                              <\/li>\n\n                                      <\/ul>\n                              \n                                  <p class=\"location__contacts--title\">\u041a\u043e\u043d\u0442\u0430\u043a\u0442\u043d\u044b\u0439 \u043d\u043e\u043c\u0435\u0440<\/p>\n                \n                                  <ul class=\"location__contacts--items\">\n                    \n                      <li>\n                        <i data-feather='phone' color=\"#272829\"><\/i>\n\n                                                  <div>\n                            <a href=\"tel:(+372) 609 6410\" target=\"_blank\" rel=\"noopener\">(+372) 609 6410<\/a>\n                          <\/div>\n                                              <\/li>\n\n                                      <\/ul>\n                              \n                                  <p class=\"location__contacts--title\">\u0418\u043d\u0444\u043e\u0440\u043c\u0430\u0446\u0438\u044f \u043f\u043e \u043f\u043e\u0432\u043e\u0434\u0443 \u0441\u0447\u0451\u0442\u0430<\/p>\n                \n                                  <ul class=\"location__contacts--items\">\n                    \n                      <li>\n                        <i data-feather='phone' color=\"#272829\"><\/i>\n\n                                                  <div>\n                            <a href=\"tel:(+372) 609 6530\" target=\"_blank\" rel=\"noopener\">(+372) 609 6530<\/a>\n                          <\/div>\n                                              <\/li>\n\n                                      <\/ul>\n                              \n                                  <p class=\"location__contacts--title\">\u042d\u043b\u0435\u043a\u0442\u0440\u043e\u043d\u043d\u0430\u044f \u043f\u043e\u0447\u0442\u0430<\/p>\n                \n                                  <ul class=\"location__contacts--items\">\n                    \n                      <li>\n                        <i data-feather='mail' color=\"#272829\"><\/i>\n\n                                                  <div>\n                            <a href=\"mailto:info@tallinnavedu.ee\" target=\"_blank\" rel=\"noopener\">info@tallinnavedu.ee<\/a>\n                          <\/div>\n                                              <\/li>\n\n                                      <\/ul>\n                                          <\/div>\n          \n          \n        <\/div>\n      <\/div>\n    <\/div>\n  <\/section>\n\n\n\n  <section  class=\"block__wrapper simple-content max--width--full block__transparent   \" >\n    <div class=\"simple-content__wrapper\">\n      <div class=\"et_pb_module et_pb_text et_pb_text_1 et_pb_bg_layout_light et_pb_text_align_left\">\n<div class=\"et_pb_text_inner\">\n<p class=\"p1\"><strong>\u041e\u0422\u0414\u0415\u041b \u0423\u041f\u0420\u0410\u0412\u041b\u0415\u041d\u0418\u042f \u041e\u0422\u0425\u041e\u0414\u0410\u041c\u0418 TJT\u00a0<\/strong><\/p>\n<p class=\"p1\">\u041e\u0442\u0434\u0435\u043b \u0443\u043f\u0440\u0430\u0432\u043b\u0435\u043d\u0438\u044f \u043e\u0442\u0445\u043e\u0434\u0430\u043c\u0438 \u0441\u0442\u0440\u0435\u043c\u0438\u0442\u0441\u044f \u043a \u0443\u043b\u0443\u0447\u0448\u0435\u043d\u0438\u044e \u043e\u043a\u0440\u0443\u0436\u0430\u044e\u0449\u0435\u0439 \u0441\u0440\u0435\u0434\u044b \u043f\u0443\u0442\u0435\u043c \u043f\u0440\u0435\u0434\u043e\u0441\u0442\u0430\u0432\u043b\u0435\u043d\u0438\u044f \u0440\u0430\u0437\u043d\u043e\u043e\u0431\u0440\u0430\u0437\u043d\u044b\u0445 \u0438 \u044d\u043a\u043e\u043b\u043e\u0433\u0438\u0447\u0435\u0441\u043a\u0438 \u0431\u0435\u0437\u043e\u043f\u0430\u0441\u043d\u044b\u0445 \u0443\u0441\u043b\u0443\u0433. \u041d\u0430\u0448\u0438 \u0443\u0441\u043b\u0443\u0433\u0438 \u0432\u043a\u043b\u044e\u0447\u0430\u044e\u0442 \u043f\u0440\u043e\u0438\u0437\u0432\u043e\u0434\u0441\u0442\u0432\u043e \u0442\u043e\u043f\u043b\u0438\u0432\u0430 \u0438\u0437 \u043e\u0442\u0445\u043e\u0434\u043e\u0432, \u043a\u043e\u043c\u043f\u043e\u0441\u0442\u0438\u0440\u043e\u0432\u0430\u043d\u0438\u0435 \u0431\u0438\u043e\u043e\u0442\u0445\u043e\u0434\u043e\u0432 \u0434\u043b\u044f \u043f\u043e\u043b\u0443\u0447\u0435\u043d\u0438\u044f \u043d\u0430\u0442\u0443\u0440\u0430\u043b\u044c\u043d\u044b\u0445 \u0443\u0434\u043e\u0431\u0440\u0435\u043d\u0438\u0439, \u043f\u0440\u043e\u0434\u0430\u0436\u0443 \u043a\u043e\u043c\u043f\u043e\u0441\u0442\u0430, \u0441\u0431\u043e\u0440 \u043e\u0434\u0435\u0436\u0434\u044b \u0434\u043b\u044f \u043f\u043e\u0441\u043b\u0435\u0434\u0443\u044e\u0449\u0435\u0439 \u043f\u0435\u0440\u0435\u0440\u0430\u0431\u043e\u0442\u043a\u0438, \u0431\u0435\u0437\u043e\u043f\u0430\u0441\u043d\u0443\u044e \u043e\u0431\u0440\u0430\u0431\u043e\u0442\u043a\u0443 \u043f\u0435\u043f\u043b\u0430 \u0438 \u043e\u0442\u0445\u043e\u0434\u043e\u0432, \u0441\u043e\u0434\u0435\u0440\u0436\u0430\u0449\u0438\u0445 \u0430\u0441\u0431\u0435\u0441\u0442, \u0441\u0431\u043e\u0440 \u0441\u0432\u0430\u043b\u043e\u0447\u043d\u043e\u0433\u043e \u0433\u0430\u0437\u0430, \u0441\u043e\u0440\u0442\u0438\u0440\u043e\u0432\u043a\u0443 \u0431\u0443\u043c\u0430\u0433\u0438 \u0438 \u043a\u0430\u0440\u0442\u043e\u043d\u0430, \u0441\u0431\u043e\u0440 \u0438 \u043f\u0435\u0440\u0435\u0440\u0430\u0431\u043e\u0442\u043a\u0443 \u044d\u043b\u0435\u043a\u0442\u0440\u043e\u043d\u043d\u044b\u0445 \u043e\u0442\u0445\u043e\u0434\u043e\u0432, \u043f\u0440\u0435\u0434\u043e\u0441\u0442\u0430\u0432\u043b\u0435\u043d\u0438\u0435 \u043f\u0440\u0435\u0434\u043f\u0440\u0438\u044f\u0442\u0438\u044f\u043c \u043f\u0435\u0440\u0441\u043e\u043d\u0430\u043b\u0438\u0437\u0438\u0440\u043e\u0432\u0430\u043d\u043d\u044b\u0445 \u0440\u0435\u0448\u0435\u043d\u0438\u0439 \u0434\u043b\u044f \u0443\u043f\u0440\u0430\u0432\u043b\u0435\u043d\u0438\u044f \u043e\u0442\u0445\u043e\u0434\u0430\u043c\u0438, \u043f\u0440\u043e\u0434\u0430\u0436\u0443 \u043f\u0435\u0440\u0435\u0440\u0430\u0431\u043e\u0442\u0430\u043d\u043d\u044b\u0445 \u043c\u0430\u0442\u0435\u0440\u0438\u0430\u043b\u043e\u0432, \u0443\u0442\u0438\u043b\u0438\u0437\u0430\u0446\u0438\u044e \u0442\u043e\u0432\u0430\u0440\u043e\u0432, \u0443\u0441\u0442\u0440\u0430\u043d\u0435\u043d\u0438\u0435 \u0440\u0430\u0434\u0438\u043e\u0430\u043a\u0442\u0438\u0432\u043d\u044b\u0445 \u043e\u0442\u0445\u043e\u0434\u043e\u0432 \u0438 \u043e\u0440\u0433\u0430\u043d\u0438\u0437\u0430\u0446\u0438\u044e \u043e\u0431\u0440\u0430\u0437\u043e\u0432\u0430\u0442\u0435\u043b\u044c\u043d\u044b\u0445 \u044d\u043a\u0441\u043a\u0443\u0440\u0441\u0438\u0439 \u0434\u043b\u044f \u043f\u043e\u0432\u044b\u0448\u0435\u043d\u0438\u044f \u044d\u043a\u043e\u043b\u043e\u0433\u0438\u0447\u0435\u0441\u043a\u043e\u0439 \u043e\u0441\u0432\u0435\u0434\u043e\u043c\u043b\u0435\u043d\u043d\u043e\u0441\u0442\u0438 \u043e\u0431\u0449\u0435\u0441\u0442\u0432\u0430.<\/p>\n<\/div>\n<\/div>\n    <\/div>\n      <\/section>\n\n\n\n  <section  class=\"block__wrapper location max--width--full block__transparent   \" >\n    <div class=\"location__title\">\u041c\u0435\u0441\u0442\u043e\u043f\u043e\u043b\u043e\u0436\u0435\u043d\u0438\u0435<\/div>\n    <div class=\"location__wrapper\">\n      <div class=\"location__item \">\n        <div class=\"location__item--map\">\n                      <iframe src=\"https:\/\/www.google.com\/maps\/embed?pb=!1m18!1m12!1m3!1d43600.10168844151!2d24.970874102403517!3d59.460765434879086!2m3!1f0!2f0!3f0!3m2!1i1024!2i768!4f13.1!3m3!1m2!1s0x4692ee29a71baed1%3A0xfae1d55fb1704b69!2sAS%20Tallinna%20Waste%20Recycling%20Center!5e0!3m2!1sen!2see!4v1713858024983!5m2!1sen!2see\" width=\"100%\" height=\"450\" style=\"border:0;\" allowfullscreen=\"\" loading=\"lazy\" referrerpolicy=\"no-referrer-when-downgrade\"><\/iframe>                  <\/div>\n\n        <div class=\"location__item--content\">\n\n                      <div class=\"location__contacts\">\n              \n                                  <p class=\"location__contacts--title\">\u041e\u0422\u0414\u0415\u041b \u0423\u041f\u0420\u0410\u0412\u041b\u0415\u041d\u0418\u042f \u041e\u0422\u0425\u041e\u0414\u0410\u041c\u0418 TJT<\/p>\n                \n                                  <ul class=\"location__contacts--items\">\n                    \n                      <li>\n                        <i data-feather='map-pin' color=\"#272829\"><\/i>\n\n                                                  <span>Loov\u00e4lja tee, Rebala k\u00fcla, 74222 J\u00f5el\u00e4htme vald<\/span>\n                                              <\/li>\n\n                                      <\/ul>\n                              \n                                  <p class=\"location__contacts--title\">\u0412\u0440\u0435\u043c\u044f \u0440\u0430\u0431\u043e\u0442\u044b<\/p>\n                \n                                  <ul class=\"location__contacts--items\">\n                    \n                      <li>\n                        <i data-feather='clock' color=\"#272829\"><\/i>\n\n                                                  <span>\u041f\u043d. &#8212; \u041f\u0442. 06:00 &#8212; 20:00<\/span>\n                                              <\/li>\n\n                    \n                      <li>\n                        <i data-feather='clock' color=\"#272829\"><\/i>\n\n                                                  <span>\u0421\u0431. &#8212; \u0412\u0441. P 08:00 &#8212; 18:00<\/span>\n                                              <\/li>\n\n                    \n                      <li>\n                        <i data-feather='clock' color=\"#272829\"><\/i>\n\n                                                  <span>\u041e\u0444\u0438\u0441: \u041f\u043d. &#8212; \u041f\u0442. 08:00 &#8212; 16:30<\/span>\n                                              <\/li>\n\n                                      <\/ul>\n                              \n                                  <p class=\"location__contacts--title\">\u041a\u043e\u043d\u0442\u0430\u043a\u0442\u043d\u044b\u0435 \u043d\u043e\u043c\u0435\u0440\u0430<\/p>\n                \n                                  <ul class=\"location__contacts--items\">\n                    \n                      <li>\n                        <i data-feather='phone' color=\"#272829\"><\/i>\n\n                                                  <div>\n                            <a href=\"tel:\u041e\u0444\u0438\u0441: (+372) 609 6018 \" target=\"_blank\" rel=\"noopener\">\u041e\u0444\u0438\u0441: (+372) 609 6018 <\/a>\n                          <\/div>\n                                              <\/li>\n\n                    \n                      <li>\n                        <i data-feather='phone' color=\"#272829\"><\/i>\n\n                                                  <div>\n                            <a href=\"tel:\u0412\u0435\u0441\u043e\u0432\u043e\u0439 \u043f\u0443\u043d\u043a\u0442: (+372) 609 60 29\" target=\"_blank\" rel=\"noopener\">\u0412\u0435\u0441\u043e\u0432\u043e\u0439 \u043f\u0443\u043d\u043a\u0442: (+372) 609 60 29<\/a>\n                          <\/div>\n                                              <\/li>\n\n                                      <\/ul>\n                              \n                                  <p class=\"location__contacts--title\">\u042d\u043b\u0435\u043a\u0442\u0440\u043e\u043d\u043d\u0430\u044f \u043f\u043e\u0447\u0442\u0430<\/p>\n                \n                                  <ul class=\"location__contacts--items\">\n                    \n                      <li>\n                        <i data-feather='mail' color=\"#272829\"><\/i>\n\n                                                  <div>\n                            <a href=\"mailto:info@tjt.ee\" target=\"_blank\" rel=\"noopener\">info@tjt.ee<\/a>\n                          <\/div>\n                                              <\/li>\n\n                                      <\/ul>\n                                          <\/div>\n          \n                      <div class=\"location__buttons\">\n              \n                  <a class=\"button button--primary button--outlined-primary button--green-arrow\" href=\"https:\/\/tjt.ee\/wp-content\/uploads\/2024\/04\/EJ-3006-V8-Territooriumil_toimimise_juhend_2022.pdf\" target=\"_blank\">\u041f\u0440\u0430\u0432\u0438\u043b\u0430 \u043f\u043e\u0432\u0435\u0434\u0435\u043d\u0438\u044f \u043d\u0430 \u0442\u0435\u0440\u0440\u0438\u0442\u043e\u0440\u0438\u0438 \u0441\u0432\u0430\u043b\u043a\u0438<\/a>\n\n                \n                          <\/div>\n          \n        <\/div>\n      <\/div>\n    <\/div>\n  <\/section>\n\n","protected":false},"excerpt":{"rendered":"","protected":false},"author":1,"featured_media":0,"parent":0,"menu_order":0,"comment_status":"closed","ping_status":"closed","template":"","meta":{"_acf_changed":false,"inline_featured_image":false,"footnotes":""},"class_list":["post-1765","page","type-page","status-publish","hentry"],"acf":[],"yoast_head":"<!-- This site is optimized with the Yoast SEO plugin v27.2 - https:\/\/yoast.com\/product\/yoast-seo-wordpress\/ -->\n<title>\u041a\u043e\u043d\u0442\u0430\u043a\u0442\u044b - TJT<\/title>\n<meta name=\"robots\" content=\"index, follow, max-snippet:-1, max-image-preview:large, max-video-preview:-1\" \/>\n<link rel=\"canonical\" href=\"https:\/\/tjt.ee\/ru\/asukoht-2\/\" \/>\n<meta property=\"og:locale\" content=\"ru_RU\" \/>\n<meta property=\"og:type\" content=\"article\" \/>\n<meta property=\"og:title\" content=\"\u041a\u043e\u043d\u0442\u0430\u043a\u0442\u044b - TJT\" \/>\n<meta property=\"og:url\" content=\"https:\/\/tjt.ee\/ru\/asukoht-2\/\" \/>\n<meta property=\"og:site_name\" content=\"TJT\" \/>\n<meta property=\"article:modified_time\" content=\"2025-10-06T07:12:01+00:00\" \/>\n<meta name=\"twitter:card\" content=\"summary_large_image\" \/>\n<script type=\"application\/ld+json\" class=\"yoast-schema-graph\">{\"@context\":\"https:\/\/schema.org\",\"@graph\":[{\"@type\":\"WebPage\",\"@id\":\"https:\/\/tjt.ee\/ru\/asukoht-2\/\",\"url\":\"https:\/\/tjt.ee\/ru\/asukoht-2\/\",\"name\":\"\u041a\u043e\u043d\u0442\u0430\u043a\u0442\u044b - TJT\",\"isPartOf\":{\"@id\":\"https:\/\/tjt.ee\/ru\/#website\"},\"datePublished\":\"2024-05-08T13:01:49+00:00\",\"dateModified\":\"2025-10-06T07:12:01+00:00\",\"breadcrumb\":{\"@id\":\"https:\/\/tjt.ee\/ru\/asukoht-2\/#breadcrumb\"},\"inLanguage\":\"ru-RU\",\"potentialAction\":[{\"@type\":\"ReadAction\",\"target\":[\"https:\/\/tjt.ee\/ru\/asukoht-2\/\"]}]},{\"@type\":\"BreadcrumbList\",\"@id\":\"https:\/\/tjt.ee\/ru\/asukoht-2\/#breadcrumb\",\"itemListElement\":[{\"@type\":\"ListItem\",\"position\":1,\"name\":\"\u0413\u043b\u0430\u0432\u043d\u0430\u044f\",\"item\":\"https:\/\/tjt.ee\/ru\/\"},{\"@type\":\"ListItem\",\"position\":2,\"name\":\"\u041a\u043e\u043d\u0442\u0430\u043a\u0442\u044b\"}]},{\"@type\":\"WebSite\",\"@id\":\"https:\/\/tjt.ee\/ru\/#website\",\"url\":\"https:\/\/tjt.ee\/ru\/\",\"name\":\"Tallinna J\u00e4\u00e4tmete Taaskasutuskeskus\",\"description\":\"J\u00e4\u00e4tmek\u00e4itluse ja -veo teenused\",\"publisher\":{\"@id\":\"https:\/\/tjt.ee\/ru\/#organization\"},\"potentialAction\":[{\"@type\":\"SearchAction\",\"target\":{\"@type\":\"EntryPoint\",\"urlTemplate\":\"https:\/\/tjt.ee\/ru\/?s={search_term_string}\"},\"query-input\":{\"@type\":\"PropertyValueSpecification\",\"valueRequired\":true,\"valueName\":\"search_term_string\"}}],\"inLanguage\":\"ru-RU\"},{\"@type\":\"Organization\",\"@id\":\"https:\/\/tjt.ee\/ru\/#organization\",\"name\":\"Tallinna J\u00e4\u00e4tmete Taaskasutuskeskus AS\",\"url\":\"https:\/\/tjt.ee\/ru\/\",\"logo\":{\"@type\":\"ImageObject\",\"inLanguage\":\"ru-RU\",\"@id\":\"https:\/\/tjt.ee\/ru\/#\/schema\/logo\/image\/\",\"url\":\"https:\/\/tjt.ee\/wp-content\/uploads\/2024\/03\/tjt-default.svg\",\"contentUrl\":\"https:\/\/tjt.ee\/wp-content\/uploads\/2024\/03\/tjt-default.svg\",\"width\":135,\"height\":66,\"caption\":\"Tallinna J\u00e4\u00e4tmete Taaskasutuskeskus AS\"},\"image\":{\"@id\":\"https:\/\/tjt.ee\/ru\/#\/schema\/logo\/image\/\"}}]}<\/script>\n<!-- \/ Yoast SEO plugin. -->","yoast_head_json":{"title":"\u041a\u043e\u043d\u0442\u0430\u043a\u0442\u044b - TJT","robots":{"index":"index","follow":"follow","max-snippet":"max-snippet:-1","max-image-preview":"max-image-preview:large","max-video-preview":"max-video-preview:-1"},"canonical":"https:\/\/tjt.ee\/ru\/asukoht-2\/","og_locale":"ru_RU","og_type":"article","og_title":"\u041a\u043e\u043d\u0442\u0430\u043a\u0442\u044b - TJT","og_url":"https:\/\/tjt.ee\/ru\/asukoht-2\/","og_site_name":"TJT","article_modified_time":"2025-10-06T07:12:01+00:00","twitter_card":"summary_large_image","schema":{"@context":"https:\/\/schema.org","@graph":[{"@type":"WebPage","@id":"https:\/\/tjt.ee\/ru\/asukoht-2\/","url":"https:\/\/tjt.ee\/ru\/asukoht-2\/","name":"\u041a\u043e\u043d\u0442\u0430\u043a\u0442\u044b - TJT","isPartOf":{"@id":"https:\/\/tjt.ee\/ru\/#website"},"datePublished":"2024-05-08T13:01:49+00:00","dateModified":"2025-10-06T07:12:01+00:00","breadcrumb":{"@id":"https:\/\/tjt.ee\/ru\/asukoht-2\/#breadcrumb"},"inLanguage":"ru-RU","potentialAction":[{"@type":"ReadAction","target":["https:\/\/tjt.ee\/ru\/asukoht-2\/"]}]},{"@type":"BreadcrumbList","@id":"https:\/\/tjt.ee\/ru\/asukoht-2\/#breadcrumb","itemListElement":[{"@type":"ListItem","position":1,"name":"\u0413\u043b\u0430\u0432\u043d\u0430\u044f","item":"https:\/\/tjt.ee\/ru\/"},{"@type":"ListItem","position":2,"name":"\u041a\u043e\u043d\u0442\u0430\u043a\u0442\u044b"}]},{"@type":"WebSite","@id":"https:\/\/tjt.ee\/ru\/#website","url":"https:\/\/tjt.ee\/ru\/","name":"Tallinna J\u00e4\u00e4tmete Taaskasutuskeskus","description":"J\u00e4\u00e4tmek\u00e4itluse ja -veo teenused","publisher":{"@id":"https:\/\/tjt.ee\/ru\/#organization"},"potentialAction":[{"@type":"SearchAction","target":{"@type":"EntryPoint","urlTemplate":"https:\/\/tjt.ee\/ru\/?s={search_term_string}"},"query-input":{"@type":"PropertyValueSpecification","valueRequired":true,"valueName":"search_term_string"}}],"inLanguage":"ru-RU"},{"@type":"Organization","@id":"https:\/\/tjt.ee\/ru\/#organization","name":"Tallinna J\u00e4\u00e4tmete Taaskasutuskeskus AS","url":"https:\/\/tjt.ee\/ru\/","logo":{"@type":"ImageObject","inLanguage":"ru-RU","@id":"https:\/\/tjt.ee\/ru\/#\/schema\/logo\/image\/","url":"https:\/\/tjt.ee\/wp-content\/uploads\/2024\/03\/tjt-default.svg","contentUrl":"https:\/\/tjt.ee\/wp-content\/uploads\/2024\/03\/tjt-default.svg","width":135,"height":66,"caption":"Tallinna J\u00e4\u00e4tmete Taaskasutuskeskus AS"},"image":{"@id":"https:\/\/tjt.ee\/ru\/#\/schema\/logo\/image\/"}}]}},"jetpack_sharing_enabled":true,"_links":{"self":[{"href":"https:\/\/tjt.ee\/ru\/wp-json\/wp\/v2\/pages\/1765","targetHints":{"allow":["GET"]}}],"collection":[{"href":"https:\/\/tjt.ee\/ru\/wp-json\/wp\/v2\/pages"}],"about":[{"href":"https:\/\/tjt.ee\/ru\/wp-json\/wp\/v2\/types\/page"}],"author":[{"embeddable":true,"href":"https:\/\/tjt.ee\/ru\/wp-json\/wp\/v2\/users\/1"}],"replies":[{"embeddable":true,"href":"https:\/\/tjt.ee\/ru\/wp-json\/wp\/v2\/comments?post=1765"}],"version-history":[{"count":11,"href":"https:\/\/tjt.ee\/ru\/wp-json\/wp\/v2\/pages\/1765\/revisions"}],"predecessor-version":[{"id":4400,"href":"https:\/\/tjt.ee\/ru\/wp-json\/wp\/v2\/pages\/1765\/revisions\/4400"}],"wp:attachment":[{"href":"https:\/\/tjt.ee\/ru\/wp-json\/wp\/v2\/media?parent=1765"}],"curies":[{"name":"wp","href":"https:\/\/api.w.org\/{rel}","templated":true}]}}