{"id":1763,"date":"2024-04-24T12:35:10","date_gmt":"2024-04-24T09:35:10","guid":{"rendered":"https:\/\/tjt.ee\/hinnakirjad\/"},"modified":"2026-01-07T10:18:36","modified_gmt":"2026-01-07T08:18:36","slug":"hinnakirjad","status":"publish","type":"page","link":"https:\/\/tjt.ee\/ru\/hinnakirjad\/","title":{"rendered":"\u041f\u0440\u0435\u0439\u0441\u043a\u0443\u0440\u0430\u043d\u0442\u044b"},"content":{"rendered":"\n<hr class=\"wp-block-separator has-alpha-channel-opacity\"\/>\n\n\n  <section  class=\"block__wrapper pdf max--width--full block__transparent   \" >\n    <div class=\"block__inner__wrapper max--width--full\">\n      <div class=\"pdf__wrapper\">\n\n                  <h3>\u0422\u0430\u0440\u0438\u0444\u044b \u043d\u0430 \u043e\u0440\u0433\u0430\u043d\u0438\u0437\u043e\u0432\u0430\u043d\u043d\u044b\u0439 \u0432\u044b\u0432\u043e\u0437 \u043c\u0443\u0441\u043e\u0440\u0430 \u0432 \u0446\u0435\u043d\u0442\u0440\u0435 \u0433\u043e\u0440\u043e\u0434\u0430<\/h3>\n        \n                  <div class=\"pdf__inner\">\n            \n            \n            \n                          <div class=\"pdf__download\">\n                <a class=\"button button--outlined-primary\" href=\"https:\/\/tjt.ee\/wp-content\/uploads\/2025\/08\/Kesklinna_hinnakiri_TJT-31.07.25F-2.pdf\" target=\"_blank\" rel=\"noopener\">\u041e\u0442\u043a\u0440\u044b\u0442\u044c<\/a>\n              <\/div>\n            \n          <\/div>\n              <\/div>\n    <\/div>\n  <\/section>\n\n\n\n<hr class=\"wp-block-separator has-alpha-channel-opacity is-style-default\"\/>\n\n\n  <section  class=\"block__wrapper pdf max--width--full block__transparent   \" >\n    <div class=\"block__inner__wrapper max--width--full\">\n      <div class=\"pdf__wrapper\">\n\n                  <h3>\u0422\u0430\u0440\u0438\u0444\u044b \u043d\u0430 \u043e\u0440\u0433\u0430\u043d\u0438\u0437\u043e\u0432\u0430\u043d\u043d\u044b\u0439 \u0432\u044b\u0432\u043e\u0437 \u043c\u0443\u0441\u043e\u0440\u0430 \u0432 \u041c\u0443\u0441\u0442\u0430\u043c\u044f\u044d<\/h3>\n        \n                  <div class=\"pdf__inner\">\n            \n            \n            \n                          <div class=\"pdf__download\">\n                <a class=\"button button--outlined-primary\" href=\"https:\/\/tjt.ee\/wp-content\/uploads\/2024\/03\/Mustamae-piirkonna-jaatmeveohinnad-1august2025.pdf\" target=\"_blank\" rel=\"noopener\">\u041e\u0442\u043a\u0440\u044b\u0442\u044c<\/a>\n              <\/div>\n            \n          <\/div>\n              <\/div>\n    <\/div>\n  <\/section>\n\n\n\n<hr class=\"wp-block-separator has-alpha-channel-opacity is-style-default\"\/>\n\n\n  <section  class=\"block__wrapper pdf max--width--full block__transparent   \" >\n    <div class=\"block__inner__wrapper max--width--full\">\n      <div class=\"pdf__wrapper\">\n\n                  <h3>\u0422\u0430\u0440\u0438\u0444\u044b \u043d\u0430 \u043e\u0440\u0433\u0430\u043d\u0438\u0437\u043e\u0432\u0430\u043d\u043d\u044b\u0439 \u0432\u044b\u0432\u043e\u0437 \u043c\u0443\u0441\u043e\u0440\u0430 \u0432 \u041d\u044b\u043c\u043c\u0435<\/h3>\n        \n                  <div class=\"pdf__inner\">\n            \n            \n            \n                          <div class=\"pdf__download\">\n                <a class=\"button button--outlined-primary\" href=\"https:\/\/tjt.ee\/wp-content\/uploads\/2024\/03\/Hinnakiri-TJT-AS-01.08.2025-korraldatud-jaatmeveo-Nomme.pdf\" target=\"_blank\" rel=\"noopener\">\u041e\u0442\u043a\u0440\u044b\u0442\u044c<\/a>\n              <\/div>\n            \n          <\/div>\n              <\/div>\n    <\/div>\n  <\/section>\n\n\n\n<hr class=\"wp-block-separator has-alpha-channel-opacity is-style-default\"\/>\n\n\n  <section  class=\"block__wrapper pdf max--width--full block__transparent   \" >\n    <div class=\"block__inner__wrapper max--width--full\">\n      <div class=\"pdf__wrapper\">\n\n                  <h3>\u0422\u0430\u0440\u0438\u0444\u044b \u043d\u0430 \u0434\u043e\u043f\u043e\u043b\u043d\u0438\u0442\u0435\u043b\u044c\u043d\u044b\u0435 \u0443\u0441\u043b\u0443\u0433\u0438 \u0432 \u0422\u0430\u043b\u043b\u0438\u043d\u043d\u0435<\/h3>\n        \n                  <div class=\"pdf__inner\">\n            \n            \n            \n                          <div class=\"pdf__download\">\n                <a class=\"button button--outlined-primary\" href=\"https:\/\/tjt.ee\/wp-content\/uploads\/2025\/08\/Lisateenuste-hinnakiri-1august2025.pdf\" target=\"_blank\" rel=\"noopener\">\u041e\u0442\u043a\u0440\u044b\u0442\u044c<\/a>\n              <\/div>\n            \n          <\/div>\n              <\/div>\n    <\/div>\n  <\/section>\n\n\n\n<hr class=\"wp-block-separator has-alpha-channel-opacity\"\/>\n\n\n  <section  class=\"block__wrapper pdf max--width--full block__transparent   \" >\n    <div class=\"block__inner__wrapper max--width--full\">\n      <div class=\"pdf__wrapper\">\n\n                  <h3>\u0422\u0430\u0440\u0438\u0444\u044b \u043d\u0430 \u043e\u0440\u0433\u0430\u043d\u0438\u0437\u043e\u0432\u0430\u043d\u043d\u044b\u0439 \u0432\u044b\u0432\u043e\u0437 \u043c\u0443\u0441\u043e\u0440\u0430 \u0432 \u0421\u0430\u043a\u0443<\/h3>\n        \n                  <div class=\"pdf__inner\">\n            \n            \n            \n                          <div class=\"pdf__download\">\n                <a class=\"button button--outlined-primary\" href=\"https:\/\/tjt.ee\/wp-content\/uploads\/2025\/11\/SAKU-hinnakiri.pdf\" target=\"_blank\" rel=\"noopener\">\u041e\u0442\u043a\u0440\u044b\u0442\u044c<\/a>\n              <\/div>\n            \n          <\/div>\n              <\/div>\n    <\/div>\n  <\/section>\n\n\n\n<hr class=\"wp-block-separator has-alpha-channel-opacity\"\/>\n\n\n  <section  class=\"block__wrapper pdf max--width--full block__transparent   \" >\n    <div class=\"block__inner__wrapper max--width--full\">\n      <div class=\"pdf__wrapper\">\n\n                  <h3>\u0422\u0430\u0440\u0438\u0444\u044b \u043d\u0430 \u0434\u043e\u043f\u043e\u043b\u043d\u0438\u0442\u0435\u043b\u044c\u043d\u044b\u0435 \u0443\u0441\u043b\u0443\u0433\u0438 \u0432 \u0421\u0430\u043a\u0443<\/h3>\n        \n                  <div class=\"pdf__inner\">\n            \n            \n            \n                          <div class=\"pdf__download\">\n                <a class=\"button button--outlined-primary\" href=\"https:\/\/tjt.ee\/wp-content\/uploads\/2025\/11\/Lisateenuste-hinnakiri-Sakule-uus.pdf\" target=\"_blank\" rel=\"noopener\">\u041e\u0442\u043a\u0440\u044b\u0442\u044c<\/a>\n              <\/div>\n            \n          <\/div>\n              <\/div>\n    <\/div>\n  <\/section>\n\n\n\n<hr class=\"wp-block-separator has-alpha-channel-opacity\"\/>\n\n\n  <section  class=\"block__wrapper pdf max--width--full block__transparent   \" >\n    <div class=\"block__inner__wrapper max--width--full\">\n      <div class=\"pdf__wrapper\">\n\n                  <h3>\u0422\u0430\u0440\u0438\u0444\u044b \u043d\u0430 \u043f\u0440\u0438\u0451\u043c \u043e\u0442\u0445\u043e\u0434\u043e\u0432<\/h3>\n        \n                  <div class=\"pdf__inner\">\n            \n            \n            \n                          <div class=\"pdf__download\">\n                <a class=\"button button--outlined-primary\" href=\"https:\/\/tjt.ee\/wp-content\/uploads\/2026\/01\/TJT_jaatmete_vastuvotu_Hinnakiri_al_01_01_2026.pdf\" target=\"_blank\" rel=\"noopener\">\u041e\u0442\u043a\u0440\u044b\u0442\u044c<\/a>\n              <\/div>\n            \n          <\/div>\n              <\/div>\n    <\/div>\n  <\/section>\n\n\n\n<hr class=\"wp-block-separator has-alpha-channel-opacity is-style-default\"\/>\n\n\n\n<h3 class=\"wp-block-heading\">TJT \u043f\u0440\u0435\u0434\u043b\u0430\u0433\u0430\u0435\u0442 \u0432\u043e\u0437\u043c\u043e\u0436\u043d\u043e\u0441\u0442\u044c \u0430\u0440\u0435\u043d\u0434\u043e\u0432\u0430\u0442\u044c \u0438\u043b\u0438 \u043f\u0440\u0438\u043e\u0431\u0440\u0435\u0441\u0442\u0438 \u043d\u043e\u0432\u044b\u0435 \u0438 \u0431\u044b\u0432\u0448\u0438\u0435 \u0432 \u0443\u043f\u043e\u0442\u0440\u0435\u0431\u043b\u0435\u043d\u0438\u0438 \u043a\u043e\u043d\u0442\u0435\u0439\u043d\u0435\u0440\u044b<\/h3>\n\n\n\n<p><a href=\"https:\/\/tjt.ee\/eraklient\/konteinerite-rent-ja-muuk\/\">\u0410\u0440\u0435\u043d\u0434\u0430 \u0438 \u043f\u0440\u043e\u0434\u0430\u0436\u0430 \u043a\u043e\u043d\u0442\u0435\u0439\u043d\u0435\u0440\u043e\u0432<\/a><\/p>\n","protected":false},"excerpt":{"rendered":"<p>TJT \u043f\u0440\u0435\u0434\u043b\u0430\u0433\u0430\u0435\u0442 \u0432\u043e\u0437\u043c\u043e\u0436\u043d\u043e\u0441\u0442\u044c \u0430\u0440\u0435\u043d\u0434\u043e\u0432\u0430\u0442\u044c \u0438\u043b\u0438 \u043f\u0440\u0438\u043e\u0431\u0440\u0435\u0441\u0442\u0438 \u043d\u043e\u0432\u044b\u0435 \u0438 \u0431\u044b\u0432\u0448\u0438\u0435 \u0432 \u0443\u043f\u043e\u0442\u0440\u0435\u0431\u043b\u0435\u043d\u0438\u0438 \u043a\u043e\u043d\u0442\u0435\u0439\u043d\u0435\u0440\u044b \u0410\u0440\u0435\u043d\u0434\u0430 \u0438 \u043f\u0440\u043e\u0434\u0430\u0436\u0430 \u043a\u043e\u043d\u0442\u0435\u0439\u043d\u0435\u0440\u043e\u0432<\/p>\n","protected":false},"author":1,"featured_media":0,"parent":0,"menu_order":0,"comment_status":"closed","ping_status":"closed","template":"","meta":{"_acf_changed":false,"inline_featured_image":false,"footnotes":""},"class_list":["post-1763","page","type-page","status-publish","hentry"],"acf":[],"yoast_head":"<!-- This site is optimized with the Yoast SEO plugin v27.2 - https:\/\/yoast.com\/product\/yoast-seo-wordpress\/ -->\n<title>\u041f\u0440\u0435\u0439\u0441\u043a\u0443\u0440\u0430\u043d\u0442\u044b - TJT<\/title>\n<meta name=\"robots\" content=\"index, follow, max-snippet:-1, max-image-preview:large, max-video-preview:-1\" \/>\n<link rel=\"canonical\" href=\"https:\/\/tjt.ee\/ru\/hinnakirjad\/\" \/>\n<meta property=\"og:locale\" content=\"ru_RU\" \/>\n<meta property=\"og:type\" content=\"article\" \/>\n<meta property=\"og:title\" content=\"\u041f\u0440\u0435\u0439\u0441\u043a\u0443\u0440\u0430\u043d\u0442\u044b - TJT\" \/>\n<meta property=\"og:description\" content=\"TJT \u043f\u0440\u0435\u0434\u043b\u0430\u0433\u0430\u0435\u0442 \u0432\u043e\u0437\u043c\u043e\u0436\u043d\u043e\u0441\u0442\u044c \u0430\u0440\u0435\u043d\u0434\u043e\u0432\u0430\u0442\u044c \u0438\u043b\u0438 \u043f\u0440\u0438\u043e\u0431\u0440\u0435\u0441\u0442\u0438 \u043d\u043e\u0432\u044b\u0435 \u0438 \u0431\u044b\u0432\u0448\u0438\u0435 \u0432 \u0443\u043f\u043e\u0442\u0440\u0435\u0431\u043b\u0435\u043d\u0438\u0438 \u043a\u043e\u043d\u0442\u0435\u0439\u043d\u0435\u0440\u044b \u0410\u0440\u0435\u043d\u0434\u0430 \u0438 \u043f\u0440\u043e\u0434\u0430\u0436\u0430 \u043a\u043e\u043d\u0442\u0435\u0439\u043d\u0435\u0440\u043e\u0432\" \/>\n<meta property=\"og:url\" content=\"https:\/\/tjt.ee\/ru\/hinnakirjad\/\" \/>\n<meta property=\"og:site_name\" content=\"TJT\" \/>\n<meta property=\"article:modified_time\" content=\"2026-01-07T08:18:36+00:00\" \/>\n<meta name=\"twitter:card\" content=\"summary_large_image\" \/>\n<meta name=\"twitter:label1\" content=\"\u041f\u0440\u0438\u043c\u0435\u0440\u043d\u043e\u0435 \u0432\u0440\u0435\u043c\u044f \u0434\u043b\u044f \u0447\u0442\u0435\u043d\u0438\u044f\" \/>\n\t<meta name=\"twitter:data1\" content=\"1 \u043c\u0438\u043d\u0443\u0442\u0430\" \/>\n<script type=\"application\/ld+json\" class=\"yoast-schema-graph\">{\"@context\":\"https:\/\/schema.org\",\"@graph\":[{\"@type\":\"WebPage\",\"@id\":\"https:\/\/tjt.ee\/ru\/hinnakirjad\/\",\"url\":\"https:\/\/tjt.ee\/ru\/hinnakirjad\/\",\"name\":\"\u041f\u0440\u0435\u0439\u0441\u043a\u0443\u0440\u0430\u043d\u0442\u044b - TJT\",\"isPartOf\":{\"@id\":\"https:\/\/tjt.ee\/ru\/#website\"},\"datePublished\":\"2024-04-24T09:35:10+00:00\",\"dateModified\":\"2026-01-07T08:18:36+00:00\",\"breadcrumb\":{\"@id\":\"https:\/\/tjt.ee\/ru\/hinnakirjad\/#breadcrumb\"},\"inLanguage\":\"ru-RU\",\"potentialAction\":[{\"@type\":\"ReadAction\",\"target\":[\"https:\/\/tjt.ee\/ru\/hinnakirjad\/\"]}]},{\"@type\":\"BreadcrumbList\",\"@id\":\"https:\/\/tjt.ee\/ru\/hinnakirjad\/#breadcrumb\",\"itemListElement\":[{\"@type\":\"ListItem\",\"position\":1,\"name\":\"\u0413\u043b\u0430\u0432\u043d\u0430\u044f\",\"item\":\"https:\/\/tjt.ee\/ru\/\"},{\"@type\":\"ListItem\",\"position\":2,\"name\":\"\u041f\u0440\u0435\u0439\u0441\u043a\u0443\u0440\u0430\u043d\u0442\u044b\"}]},{\"@type\":\"WebSite\",\"@id\":\"https:\/\/tjt.ee\/ru\/#website\",\"url\":\"https:\/\/tjt.ee\/ru\/\",\"name\":\"Tallinna J\u00e4\u00e4tmete Taaskasutuskeskus\",\"description\":\"J\u00e4\u00e4tmek\u00e4itluse ja -veo teenused\",\"publisher\":{\"@id\":\"https:\/\/tjt.ee\/ru\/#organization\"},\"potentialAction\":[{\"@type\":\"SearchAction\",\"target\":{\"@type\":\"EntryPoint\",\"urlTemplate\":\"https:\/\/tjt.ee\/ru\/?s={search_term_string}\"},\"query-input\":{\"@type\":\"PropertyValueSpecification\",\"valueRequired\":true,\"valueName\":\"search_term_string\"}}],\"inLanguage\":\"ru-RU\"},{\"@type\":\"Organization\",\"@id\":\"https:\/\/tjt.ee\/ru\/#organization\",\"name\":\"Tallinna J\u00e4\u00e4tmete Taaskasutuskeskus AS\",\"url\":\"https:\/\/tjt.ee\/ru\/\",\"logo\":{\"@type\":\"ImageObject\",\"inLanguage\":\"ru-RU\",\"@id\":\"https:\/\/tjt.ee\/ru\/#\/schema\/logo\/image\/\",\"url\":\"https:\/\/tjt.ee\/wp-content\/uploads\/2024\/03\/tjt-default.svg\",\"contentUrl\":\"https:\/\/tjt.ee\/wp-content\/uploads\/2024\/03\/tjt-default.svg\",\"width\":135,\"height\":66,\"caption\":\"Tallinna J\u00e4\u00e4tmete Taaskasutuskeskus AS\"},\"image\":{\"@id\":\"https:\/\/tjt.ee\/ru\/#\/schema\/logo\/image\/\"}}]}<\/script>\n<!-- \/ Yoast SEO plugin. -->","yoast_head_json":{"title":"\u041f\u0440\u0435\u0439\u0441\u043a\u0443\u0440\u0430\u043d\u0442\u044b - TJT","robots":{"index":"index","follow":"follow","max-snippet":"max-snippet:-1","max-image-preview":"max-image-preview:large","max-video-preview":"max-video-preview:-1"},"canonical":"https:\/\/tjt.ee\/ru\/hinnakirjad\/","og_locale":"ru_RU","og_type":"article","og_title":"\u041f\u0440\u0435\u0439\u0441\u043a\u0443\u0440\u0430\u043d\u0442\u044b - TJT","og_description":"TJT \u043f\u0440\u0435\u0434\u043b\u0430\u0433\u0430\u0435\u0442 \u0432\u043e\u0437\u043c\u043e\u0436\u043d\u043e\u0441\u0442\u044c \u0430\u0440\u0435\u043d\u0434\u043e\u0432\u0430\u0442\u044c \u0438\u043b\u0438 \u043f\u0440\u0438\u043e\u0431\u0440\u0435\u0441\u0442\u0438 \u043d\u043e\u0432\u044b\u0435 \u0438 \u0431\u044b\u0432\u0448\u0438\u0435 \u0432 \u0443\u043f\u043e\u0442\u0440\u0435\u0431\u043b\u0435\u043d\u0438\u0438 \u043a\u043e\u043d\u0442\u0435\u0439\u043d\u0435\u0440\u044b \u0410\u0440\u0435\u043d\u0434\u0430 \u0438 \u043f\u0440\u043e\u0434\u0430\u0436\u0430 \u043a\u043e\u043d\u0442\u0435\u0439\u043d\u0435\u0440\u043e\u0432","og_url":"https:\/\/tjt.ee\/ru\/hinnakirjad\/","og_site_name":"TJT","article_modified_time":"2026-01-07T08:18:36+00:00","twitter_card":"summary_large_image","twitter_misc":{"\u041f\u0440\u0438\u043c\u0435\u0440\u043d\u043e\u0435 \u0432\u0440\u0435\u043c\u044f \u0434\u043b\u044f \u0447\u0442\u0435\u043d\u0438\u044f":"1 \u043c\u0438\u043d\u0443\u0442\u0430"},"schema":{"@context":"https:\/\/schema.org","@graph":[{"@type":"WebPage","@id":"https:\/\/tjt.ee\/ru\/hinnakirjad\/","url":"https:\/\/tjt.ee\/ru\/hinnakirjad\/","name":"\u041f\u0440\u0435\u0439\u0441\u043a\u0443\u0440\u0430\u043d\u0442\u044b - TJT","isPartOf":{"@id":"https:\/\/tjt.ee\/ru\/#website"},"datePublished":"2024-04-24T09:35:10+00:00","dateModified":"2026-01-07T08:18:36+00:00","breadcrumb":{"@id":"https:\/\/tjt.ee\/ru\/hinnakirjad\/#breadcrumb"},"inLanguage":"ru-RU","potentialAction":[{"@type":"ReadAction","target":["https:\/\/tjt.ee\/ru\/hinnakirjad\/"]}]},{"@type":"BreadcrumbList","@id":"https:\/\/tjt.ee\/ru\/hinnakirjad\/#breadcrumb","itemListElement":[{"@type":"ListItem","position":1,"name":"\u0413\u043b\u0430\u0432\u043d\u0430\u044f","item":"https:\/\/tjt.ee\/ru\/"},{"@type":"ListItem","position":2,"name":"\u041f\u0440\u0435\u0439\u0441\u043a\u0443\u0440\u0430\u043d\u0442\u044b"}]},{"@type":"WebSite","@id":"https:\/\/tjt.ee\/ru\/#website","url":"https:\/\/tjt.ee\/ru\/","name":"Tallinna J\u00e4\u00e4tmete Taaskasutuskeskus","description":"J\u00e4\u00e4tmek\u00e4itluse ja -veo teenused","publisher":{"@id":"https:\/\/tjt.ee\/ru\/#organization"},"potentialAction":[{"@type":"SearchAction","target":{"@type":"EntryPoint","urlTemplate":"https:\/\/tjt.ee\/ru\/?s={search_term_string}"},"query-input":{"@type":"PropertyValueSpecification","valueRequired":true,"valueName":"search_term_string"}}],"inLanguage":"ru-RU"},{"@type":"Organization","@id":"https:\/\/tjt.ee\/ru\/#organization","name":"Tallinna J\u00e4\u00e4tmete Taaskasutuskeskus AS","url":"https:\/\/tjt.ee\/ru\/","logo":{"@type":"ImageObject","inLanguage":"ru-RU","@id":"https:\/\/tjt.ee\/ru\/#\/schema\/logo\/image\/","url":"https:\/\/tjt.ee\/wp-content\/uploads\/2024\/03\/tjt-default.svg","contentUrl":"https:\/\/tjt.ee\/wp-content\/uploads\/2024\/03\/tjt-default.svg","width":135,"height":66,"caption":"Tallinna J\u00e4\u00e4tmete Taaskasutuskeskus AS"},"image":{"@id":"https:\/\/tjt.ee\/ru\/#\/schema\/logo\/image\/"}}]}},"jetpack_sharing_enabled":true,"_links":{"self":[{"href":"https:\/\/tjt.ee\/ru\/wp-json\/wp\/v2\/pages\/1763","targetHints":{"allow":["GET"]}}],"collection":[{"href":"https:\/\/tjt.ee\/ru\/wp-json\/wp\/v2\/pages"}],"about":[{"href":"https:\/\/tjt.ee\/ru\/wp-json\/wp\/v2\/types\/page"}],"author":[{"embeddable":true,"href":"https:\/\/tjt.ee\/ru\/wp-json\/wp\/v2\/users\/1"}],"replies":[{"embeddable":true,"href":"https:\/\/tjt.ee\/ru\/wp-json\/wp\/v2\/comments?post=1763"}],"version-history":[{"count":33,"href":"https:\/\/tjt.ee\/ru\/wp-json\/wp\/v2\/pages\/1763\/revisions"}],"predecessor-version":[{"id":5578,"href":"https:\/\/tjt.ee\/ru\/wp-json\/wp\/v2\/pages\/1763\/revisions\/5578"}],"wp:attachment":[{"href":"https:\/\/tjt.ee\/ru\/wp-json\/wp\/v2\/media?parent=1763"}],"curies":[{"name":"wp","href":"https:\/\/api.w.org\/{rel}","templated":true}]}}