{"id":1764,"date":"2024-05-08T16:01:49","date_gmt":"2024-05-08T13:01:49","guid":{"rendered":"https:\/\/tjt.ee\/asukoht-2\/"},"modified":"2025-10-06T10:13:18","modified_gmt":"2025-10-06T07:13:18","slug":"asukoht-2","status":"publish","type":"page","link":"https:\/\/tjt.ee\/en\/asukoht-2\/","title":{"rendered":"Contact Us"},"content":{"rendered":"  <section  class=\"block__wrapper simple-content max--width--full block__transparent   \" >\n    <div class=\"simple-content__wrapper\">\n      <div class=\"et_pb_module et_pb_text et_pb_text_1 et_pb_bg_layout_light et_pb_text_align_left\">\n<div class=\"et_pb_text_inner\">\n<p><strong>TJT WASTE TRANSPORT DEPARTMENT<\/strong><\/p>\n<p>We offer professional and reliable waste transport services to both private and business customers across Harju County. Our service covers the removal of various types of waste, including mixed municipal waste, biodegradable waste, animal waste, paper and cardboard, garden and park waste, large waste, and construction waste. In addition, we offer a multilift container transport service, the emptying of deep collection tanks, collection of clothes, and comprehensive waste counselling.<\/p>\n<\/div>\n<\/div>\n    <\/div>\n      <\/section>\n\n\n\n  <section  class=\"block__wrapper location max--width--full block__transparent   \" >\n    <div class=\"location__title\">Location<\/div>\n    <div class=\"location__wrapper\">\n      <div class=\"location__item \">\n        <div class=\"location__item--map\">\n                      <iframe src=\"https:\/\/www.google.com\/maps\/embed?pb=!1m18!1m12!1m3!1d2030.005627566459!2d24.847925677531926!3d59.41630107465654!2m3!1f0!2f0!3f0!3m2!1i1024!2i768!4f13.1!3m3!1m2!1s0x4692ec9d3eac4c89%3A0x955c1a7d17521d24!2sSuur-S%C3%B5jam%C3%A4e%2029a%2C%2011415%20Tallinn!5e0!3m2!1sen!2see!4v1715173549611!5m2!1sen!2see\" width=\"100%\" height=\"450\" style=\"border:0;\" allowfullscreen=\"\" loading=\"lazy\" referrerpolicy=\"no-referrer-when-downgrade\"><\/iframe>                  <\/div>\n\n        <div class=\"location__item--content\">\n\n                      <div class=\"location__contacts\">\n              \n                                  <p class=\"location__contacts--title\">TJT WASTE TRANSPORT DEPARTMENT<\/p>\n                \n                                  <ul class=\"location__contacts--items\">\n                    \n                      <li>\n                        <i data-feather='map-pin' color=\"#272829\"><\/i>\n\n                                                  <span>Suur-S\u00f5jam\u00e4e 29a, Tallinn 11415<\/span>\n                                              <\/li>\n\n                                      <\/ul>\n                              \n                                  <p class=\"location__contacts--title\">Opening hours<\/p>\n                \n                                  <ul class=\"location__contacts--items\">\n                    \n                      <li>\n                        <i data-feather='clock' color=\"#272829\"><\/i>\n\n                                                  <span>Mon &#8211; Fri 08:15 &#8211; 17:00<\/span>\n                                              <\/li>\n\n                                      <\/ul>\n                              \n                                  <p class=\"location__contacts--title\">Contact number<\/p>\n                \n                                  <ul class=\"location__contacts--items\">\n                    \n                      <li>\n                        <i data-feather='phone' color=\"#272829\"><\/i>\n\n                                                  <div>\n                            <a href=\"tel:(+372) 609 6410\" target=\"_blank\" rel=\"noopener\">(+372) 609 6410<\/a>\n                          <\/div>\n                                              <\/li>\n\n                                      <\/ul>\n                              \n                                  <p class=\"location__contacts--title\">Invoice Information<\/p>\n                \n                                  <ul class=\"location__contacts--items\">\n                    \n                      <li>\n                        <i data-feather='phone' color=\"#272829\"><\/i>\n\n                                                  <div>\n                            <a href=\"tel:(+372) 609 6530\" target=\"_blank\" rel=\"noopener\">(+372) 609 6530<\/a>\n                          <\/div>\n                                              <\/li>\n\n                                      <\/ul>\n                              \n                                  <p class=\"location__contacts--title\">Email<\/p>\n                \n                                  <ul class=\"location__contacts--items\">\n                    \n                      <li>\n                        <i data-feather='mail' color=\"#272829\"><\/i>\n\n                                                  <div>\n                            <a href=\"mailto:info@tallinnavedu.ee\" target=\"_blank\" rel=\"noopener\">info@tallinnavedu.ee<\/a>\n                          <\/div>\n                                              <\/li>\n\n                                      <\/ul>\n                                          <\/div>\n          \n          \n        <\/div>\n      <\/div>\n    <\/div>\n  <\/section>\n\n\n\n  <section  class=\"block__wrapper simple-content max--width--full block__transparent   \" >\n    <div class=\"simple-content__wrapper\">\n      <p><strong>TJT WASTE MANAGEMENT DEPARTMENT<\/strong><\/p>\n<p>TJT waste management department aims to foster a cleaner and healthier living environment through a range of efficient and environmentally friendly services. These include the production of waste fuel as an eco-friendly alternative, composting bio-waste to produce natural fertilizer, selling compost to promote sustainable agriculture, collecting clothes for recycling, treating bottom ash and asbestos-containing waste safely, and collecting landfill gas emissions. Additionally, we offer services for sorting paper and cardboard, recycling electronic waste, providing tailored waste management solutions for businesses, selling recycled materials, offering goods destruction services, handling radioactive waste responsibly, and organizing educational excursions to raise environmental awareness in our community.<\/p>\n    <\/div>\n      <\/section>\n\n\n\n  <section  class=\"block__wrapper location max--width--full block__transparent   \" >\n    <div class=\"location__title\">Location<\/div>\n    <div class=\"location__wrapper\">\n      <div class=\"location__item \">\n        <div class=\"location__item--map\">\n                      <iframe src=\"https:\/\/www.google.com\/maps\/embed?pb=!1m18!1m12!1m3!1d43600.10168844151!2d24.970874102403517!3d59.460765434879086!2m3!1f0!2f0!3f0!3m2!1i1024!2i768!4f13.1!3m3!1m2!1s0x4692ee29a71baed1%3A0xfae1d55fb1704b69!2sAS%20Tallinna%20Waste%20Recycling%20Center!5e0!3m2!1sen!2see!4v1713858024983!5m2!1sen!2see\" width=\"100%\" height=\"450\" style=\"border:0;\" allowfullscreen=\"\" loading=\"lazy\" referrerpolicy=\"no-referrer-when-downgrade\"><\/iframe>                  <\/div>\n\n        <div class=\"location__item--content\">\n\n                      <div class=\"location__contacts\">\n              \n                                  <p class=\"location__contacts--title\">TJT WASTE MANAGEMENT DEPARTMENT<\/p>\n                \n                                  <ul class=\"location__contacts--items\">\n                    \n                      <li>\n                        <i data-feather='map-pin' color=\"#272829\"><\/i>\n\n                                                  <span>Loov\u00e4lja tee, Rebala k\u00fcla, 74222 J\u00f5el\u00e4htme vald<\/span>\n                                              <\/li>\n\n                                      <\/ul>\n                              \n                                  <p class=\"location__contacts--title\">Opening hours<\/p>\n                \n                                  <ul class=\"location__contacts--items\">\n                    \n                      <li>\n                        <i data-feather='clock' color=\"#272829\"><\/i>\n\n                                                  <span>Mon &#8211; Fri 06:00 &#8211; 20:00<\/span>\n                                              <\/li>\n\n                    \n                      <li>\n                        <i data-feather='clock' color=\"#272829\"><\/i>\n\n                                                  <span>Sat &#8211; Sun 08:00 &#8211; 18:00<\/span>\n                                              <\/li>\n\n                    \n                      <li>\n                        <i data-feather='clock' color=\"#272829\"><\/i>\n\n                                                  <span>Office: Mon &#8211; Fri 08:00 &#8211; 16:30<\/span>\n                                              <\/li>\n\n                                      <\/ul>\n                              \n                                  <p class=\"location__contacts--title\">Contact numbers<\/p>\n                \n                                  <ul class=\"location__contacts--items\">\n                    \n                      <li>\n                        <i data-feather='phone' color=\"#272829\"><\/i>\n\n                                                  <div>\n                            <a href=\"tel:Office: (+372) 609 6018 \" target=\"_blank\" rel=\"noopener\">Office: (+372) 609 6018 <\/a>\n                          <\/div>\n                                              <\/li>\n\n                    \n                      <li>\n                        <i data-feather='phone' color=\"#272829\"><\/i>\n\n                                                  <div>\n                            <a href=\"tel:Weighing station: (+372) 609 60 29\" target=\"_blank\" rel=\"noopener\">Weighing station: (+372) 609 60 29<\/a>\n                          <\/div>\n                                              <\/li>\n\n                                      <\/ul>\n                              \n                                  <p class=\"location__contacts--title\">Email<\/p>\n                \n                                  <ul class=\"location__contacts--items\">\n                    \n                      <li>\n                        <i data-feather='mail' color=\"#272829\"><\/i>\n\n                                                  <div>\n                            <a href=\"mailto:info@tjt.ee\" target=\"_blank\" rel=\"noopener\">info@tjt.ee<\/a>\n                          <\/div>\n                                              <\/li>\n\n                                      <\/ul>\n                                          <\/div>\n          \n                      <div class=\"location__buttons\">\n              \n                  <a class=\"button button--primary button--outlined-primary button--green-arrow\" href=\"https:\/\/tjt.ee\/wp-content\/uploads\/2024\/04\/EJ-3006-V8-Territooriumil_toimimise_juhend_2022.pdf\" target=\"_blank\">Guidelines for behavior on the landfill site<\/a>\n\n                \n                          <\/div>\n          \n        <\/div>\n      <\/div>\n    <\/div>\n  <\/section>\n\n","protected":false},"excerpt":{"rendered":"","protected":false},"author":1,"featured_media":0,"parent":0,"menu_order":0,"comment_status":"closed","ping_status":"closed","template":"","meta":{"_acf_changed":false,"inline_featured_image":false,"footnotes":""},"class_list":["post-1764","page","type-page","status-publish","hentry"],"acf":[],"yoast_head":"<!-- This site is optimized with the Yoast SEO plugin v27.2 - https:\/\/yoast.com\/product\/yoast-seo-wordpress\/ -->\n<title>Contact Us - TJT<\/title>\n<meta name=\"robots\" content=\"index, follow, max-snippet:-1, max-image-preview:large, max-video-preview:-1\" \/>\n<link rel=\"canonical\" href=\"https:\/\/tjt.ee\/en\/asukoht-2\/\" \/>\n<meta property=\"og:locale\" content=\"en_US\" \/>\n<meta property=\"og:type\" content=\"article\" \/>\n<meta property=\"og:title\" content=\"Contact Us - TJT\" \/>\n<meta property=\"og:url\" content=\"https:\/\/tjt.ee\/en\/asukoht-2\/\" \/>\n<meta property=\"og:site_name\" content=\"TJT\" \/>\n<meta property=\"article:modified_time\" content=\"2025-10-06T07:13:18+00:00\" \/>\n<meta name=\"twitter:card\" content=\"summary_large_image\" \/>\n<script type=\"application\/ld+json\" class=\"yoast-schema-graph\">{\"@context\":\"https:\/\/schema.org\",\"@graph\":[{\"@type\":\"WebPage\",\"@id\":\"https:\/\/tjt.ee\/en\/asukoht-2\/\",\"url\":\"https:\/\/tjt.ee\/en\/asukoht-2\/\",\"name\":\"Contact Us - TJT\",\"isPartOf\":{\"@id\":\"https:\/\/tjt.ee\/en\/#website\"},\"datePublished\":\"2024-05-08T13:01:49+00:00\",\"dateModified\":\"2025-10-06T07:13:18+00:00\",\"breadcrumb\":{\"@id\":\"https:\/\/tjt.ee\/en\/asukoht-2\/#breadcrumb\"},\"inLanguage\":\"en-US\",\"potentialAction\":[{\"@type\":\"ReadAction\",\"target\":[\"https:\/\/tjt.ee\/en\/asukoht-2\/\"]}]},{\"@type\":\"BreadcrumbList\",\"@id\":\"https:\/\/tjt.ee\/en\/asukoht-2\/#breadcrumb\",\"itemListElement\":[{\"@type\":\"ListItem\",\"position\":1,\"name\":\"Home\",\"item\":\"https:\/\/tjt.ee\/en\/\"},{\"@type\":\"ListItem\",\"position\":2,\"name\":\"Contact Us\"}]},{\"@type\":\"WebSite\",\"@id\":\"https:\/\/tjt.ee\/en\/#website\",\"url\":\"https:\/\/tjt.ee\/en\/\",\"name\":\"Tallinna J\u00e4\u00e4tmete Taaskasutuskeskus\",\"description\":\"J\u00e4\u00e4tmek\u00e4itluse ja -veo teenused\",\"publisher\":{\"@id\":\"https:\/\/tjt.ee\/en\/#organization\"},\"potentialAction\":[{\"@type\":\"SearchAction\",\"target\":{\"@type\":\"EntryPoint\",\"urlTemplate\":\"https:\/\/tjt.ee\/en\/?s={search_term_string}\"},\"query-input\":{\"@type\":\"PropertyValueSpecification\",\"valueRequired\":true,\"valueName\":\"search_term_string\"}}],\"inLanguage\":\"en-US\"},{\"@type\":\"Organization\",\"@id\":\"https:\/\/tjt.ee\/en\/#organization\",\"name\":\"Tallinna J\u00e4\u00e4tmete Taaskasutuskeskus AS\",\"url\":\"https:\/\/tjt.ee\/en\/\",\"logo\":{\"@type\":\"ImageObject\",\"inLanguage\":\"en-US\",\"@id\":\"https:\/\/tjt.ee\/en\/#\/schema\/logo\/image\/\",\"url\":\"https:\/\/tjt.ee\/wp-content\/uploads\/2024\/03\/tjt-default.svg\",\"contentUrl\":\"https:\/\/tjt.ee\/wp-content\/uploads\/2024\/03\/tjt-default.svg\",\"width\":135,\"height\":66,\"caption\":\"Tallinna J\u00e4\u00e4tmete Taaskasutuskeskus AS\"},\"image\":{\"@id\":\"https:\/\/tjt.ee\/en\/#\/schema\/logo\/image\/\"}}]}<\/script>\n<!-- \/ Yoast SEO plugin. -->","yoast_head_json":{"title":"Contact Us - TJT","robots":{"index":"index","follow":"follow","max-snippet":"max-snippet:-1","max-image-preview":"max-image-preview:large","max-video-preview":"max-video-preview:-1"},"canonical":"https:\/\/tjt.ee\/en\/asukoht-2\/","og_locale":"en_US","og_type":"article","og_title":"Contact Us - TJT","og_url":"https:\/\/tjt.ee\/en\/asukoht-2\/","og_site_name":"TJT","article_modified_time":"2025-10-06T07:13:18+00:00","twitter_card":"summary_large_image","schema":{"@context":"https:\/\/schema.org","@graph":[{"@type":"WebPage","@id":"https:\/\/tjt.ee\/en\/asukoht-2\/","url":"https:\/\/tjt.ee\/en\/asukoht-2\/","name":"Contact Us - TJT","isPartOf":{"@id":"https:\/\/tjt.ee\/en\/#website"},"datePublished":"2024-05-08T13:01:49+00:00","dateModified":"2025-10-06T07:13:18+00:00","breadcrumb":{"@id":"https:\/\/tjt.ee\/en\/asukoht-2\/#breadcrumb"},"inLanguage":"en-US","potentialAction":[{"@type":"ReadAction","target":["https:\/\/tjt.ee\/en\/asukoht-2\/"]}]},{"@type":"BreadcrumbList","@id":"https:\/\/tjt.ee\/en\/asukoht-2\/#breadcrumb","itemListElement":[{"@type":"ListItem","position":1,"name":"Home","item":"https:\/\/tjt.ee\/en\/"},{"@type":"ListItem","position":2,"name":"Contact Us"}]},{"@type":"WebSite","@id":"https:\/\/tjt.ee\/en\/#website","url":"https:\/\/tjt.ee\/en\/","name":"Tallinna J\u00e4\u00e4tmete Taaskasutuskeskus","description":"J\u00e4\u00e4tmek\u00e4itluse ja -veo teenused","publisher":{"@id":"https:\/\/tjt.ee\/en\/#organization"},"potentialAction":[{"@type":"SearchAction","target":{"@type":"EntryPoint","urlTemplate":"https:\/\/tjt.ee\/en\/?s={search_term_string}"},"query-input":{"@type":"PropertyValueSpecification","valueRequired":true,"valueName":"search_term_string"}}],"inLanguage":"en-US"},{"@type":"Organization","@id":"https:\/\/tjt.ee\/en\/#organization","name":"Tallinna J\u00e4\u00e4tmete Taaskasutuskeskus AS","url":"https:\/\/tjt.ee\/en\/","logo":{"@type":"ImageObject","inLanguage":"en-US","@id":"https:\/\/tjt.ee\/en\/#\/schema\/logo\/image\/","url":"https:\/\/tjt.ee\/wp-content\/uploads\/2024\/03\/tjt-default.svg","contentUrl":"https:\/\/tjt.ee\/wp-content\/uploads\/2024\/03\/tjt-default.svg","width":135,"height":66,"caption":"Tallinna J\u00e4\u00e4tmete Taaskasutuskeskus AS"},"image":{"@id":"https:\/\/tjt.ee\/en\/#\/schema\/logo\/image\/"}}]}},"jetpack_sharing_enabled":true,"_links":{"self":[{"href":"https:\/\/tjt.ee\/en\/wp-json\/wp\/v2\/pages\/1764","targetHints":{"allow":["GET"]}}],"collection":[{"href":"https:\/\/tjt.ee\/en\/wp-json\/wp\/v2\/pages"}],"about":[{"href":"https:\/\/tjt.ee\/en\/wp-json\/wp\/v2\/types\/page"}],"author":[{"embeddable":true,"href":"https:\/\/tjt.ee\/en\/wp-json\/wp\/v2\/users\/1"}],"replies":[{"embeddable":true,"href":"https:\/\/tjt.ee\/en\/wp-json\/wp\/v2\/comments?post=1764"}],"version-history":[{"count":11,"href":"https:\/\/tjt.ee\/en\/wp-json\/wp\/v2\/pages\/1764\/revisions"}],"predecessor-version":[{"id":4401,"href":"https:\/\/tjt.ee\/en\/wp-json\/wp\/v2\/pages\/1764\/revisions\/4401"}],"wp:attachment":[{"href":"https:\/\/tjt.ee\/en\/wp-json\/wp\/v2\/media?parent=1764"}],"curies":[{"name":"wp","href":"https:\/\/api.w.org\/{rel}","templated":true}]}}