{"id":1762,"date":"2024-04-24T12:35:10","date_gmt":"2024-04-24T09:35:10","guid":{"rendered":"https:\/\/tjt.ee\/hinnakirjad\/"},"modified":"2026-01-07T10:17:24","modified_gmt":"2026-01-07T08:17:24","slug":"hinnakirjad","status":"publish","type":"page","link":"https:\/\/tjt.ee\/en\/hinnakirjad\/","title":{"rendered":"Price lists"},"content":{"rendered":"\n<hr class=\"wp-block-separator has-alpha-channel-opacity\"\/>\n\n\n  <section  class=\"block__wrapper pdf max--width--full block__transparent   \" >\n    <div class=\"block__inner__wrapper max--width--full\">\n      <div class=\"pdf__wrapper\">\n\n                  <h3>Price list for organized waste collection in the city center<\/h3>\n        \n                  <div class=\"pdf__inner\">\n            \n            \n            \n                          <div class=\"pdf__download\">\n                <a class=\"button button--outlined-primary\" href=\"https:\/\/tjt.ee\/wp-content\/uploads\/2025\/08\/Kesklinna_hinnakiri_TJT-31.07.25F-1.pdf\" target=\"_blank\" rel=\"noopener\">Open PDF<\/a>\n              <\/div>\n            \n          <\/div>\n              <\/div>\n    <\/div>\n  <\/section>\n\n\n\n<hr class=\"wp-block-separator has-alpha-channel-opacity is-style-default\"\/>\n\n\n  <section  class=\"block__wrapper pdf max--width--full block__transparent   \" >\n    <div class=\"block__inner__wrapper max--width--full\">\n      <div class=\"pdf__wrapper\">\n\n                  <h3>Price list for organized waste collection in Mustam\u00e4e<\/h3>\n        \n                  <div class=\"pdf__inner\">\n            \n            \n            \n                          <div class=\"pdf__download\">\n                <a class=\"button button--outlined-primary\" href=\"https:\/\/tjt.ee\/wp-content\/uploads\/2024\/03\/Mustamae-piirkonna-jaatmeveohinnad-1august2025.pdf\" target=\"_blank\" rel=\"noopener\">Open PDF<\/a>\n              <\/div>\n            \n          <\/div>\n              <\/div>\n    <\/div>\n  <\/section>\n\n\n\n<hr class=\"wp-block-separator has-alpha-channel-opacity is-style-default\"\/>\n\n\n  <section  class=\"block__wrapper pdf max--width--full block__transparent   \" >\n    <div class=\"block__inner__wrapper max--width--full\">\n      <div class=\"pdf__wrapper\">\n\n                  <h3>Price list for organized waste collection in N\u00f5mme<\/h3>\n        \n                  <div class=\"pdf__inner\">\n            \n            \n            \n                          <div class=\"pdf__download\">\n                <a class=\"button button--outlined-primary\" href=\"https:\/\/tjt.ee\/wp-content\/uploads\/2024\/03\/Hinnakiri-TJT-AS-01.08.2025-korraldatud-jaatmeveo-Nomme.pdf\" target=\"_blank\" rel=\"noopener\">Open PDF<\/a>\n              <\/div>\n            \n          <\/div>\n              <\/div>\n    <\/div>\n  <\/section>\n\n\n\n<hr class=\"wp-block-separator has-alpha-channel-opacity\"\/>\n\n\n  <section  class=\"block__wrapper pdf max--width--full block__transparent   \" >\n    <div class=\"block__inner__wrapper max--width--full\">\n      <div class=\"pdf__wrapper\">\n\n                  <h3>Price list for additional waste collection services in Tallinn<\/h3>\n        \n                  <div class=\"pdf__inner\">\n            \n            \n            \n                          <div class=\"pdf__download\">\n                <a class=\"button button--outlined-primary\" href=\"https:\/\/tjt.ee\/wp-content\/uploads\/2025\/08\/Lisateenuste-hinnakiri-1august2025.pdf\" target=\"_blank\" rel=\"noopener\">Open PDF<\/a>\n              <\/div>\n            \n          <\/div>\n              <\/div>\n    <\/div>\n  <\/section>\n\n\n\n<hr class=\"wp-block-separator has-alpha-channel-opacity\"\/>\n\n\n  <section  class=\"block__wrapper pdf max--width--full block__transparent   \" >\n    <div class=\"block__inner__wrapper max--width--full\">\n      <div class=\"pdf__wrapper\">\n\n                  <h3>Price list for organized waste collection in Saku Municipality<\/h3>\n        \n                  <div class=\"pdf__inner\">\n            \n            \n            \n                          <div class=\"pdf__download\">\n                <a class=\"button button--outlined-primary\" href=\"https:\/\/tjt.ee\/wp-content\/uploads\/2025\/11\/SAKU-hinnakiri.pdf\" target=\"_blank\" rel=\"noopener\">Open PDF<\/a>\n              <\/div>\n            \n          <\/div>\n              <\/div>\n    <\/div>\n  <\/section>\n\n\n\n<hr class=\"wp-block-separator has-alpha-channel-opacity\"\/>\n\n\n  <section  class=\"block__wrapper pdf max--width--full block__transparent   \" >\n    <div class=\"block__inner__wrapper max--width--full\">\n      <div class=\"pdf__wrapper\">\n\n                  <h3>Price list for additional waste collection services in Saku Municipality<\/h3>\n        \n                  <div class=\"pdf__inner\">\n            \n            \n            \n                          <div class=\"pdf__download\">\n                <a class=\"button button--outlined-primary\" href=\"https:\/\/tjt.ee\/wp-content\/uploads\/2025\/11\/Lisateenuste-hinnakiri-Sakule-uus.pdf\" target=\"_blank\" rel=\"noopener\">Open PDF<\/a>\n              <\/div>\n            \n          <\/div>\n              <\/div>\n    <\/div>\n  <\/section>\n\n\n\n<hr class=\"wp-block-separator has-alpha-channel-opacity\"\/>\n\n\n  <section  class=\"block__wrapper pdf max--width--full block__transparent   \" >\n    <div class=\"block__inner__wrapper max--width--full\">\n      <div class=\"pdf__wrapper\">\n\n                  <h3>Price list for waste reception<\/h3>\n        \n                  <div class=\"pdf__inner\">\n            \n            \n            \n                          <div class=\"pdf__download\">\n                <a class=\"button button--outlined-primary\" href=\"https:\/\/tjt.ee\/wp-content\/uploads\/2026\/01\/TJT_jaatmete_vastuvotu_Hinnakiri_al_01_01_2026.pdf\" target=\"_blank\" rel=\"noopener\">Open PDF<\/a>\n              <\/div>\n            \n          <\/div>\n              <\/div>\n    <\/div>\n  <\/section>\n\n\n\n<hr class=\"wp-block-separator has-alpha-channel-opacity\"\/>\n\n\n\n<h3 class=\"wp-block-heading\">TJT offers the possibility to rent or buy new and used containers<\/h3>\n\n\n\n<p><a href=\"https:\/\/tjt.ee\/eraklient\/konteinerite-rent-ja-muuk\/\">Container rental and sales<\/a><\/p>\n","protected":false},"excerpt":{"rendered":"<p>TJT offers the possibility to rent or buy new and used containers Container rental and sales<\/p>\n","protected":false},"author":1,"featured_media":0,"parent":0,"menu_order":0,"comment_status":"closed","ping_status":"closed","template":"","meta":{"_acf_changed":false,"inline_featured_image":false,"footnotes":""},"class_list":["post-1762","page","type-page","status-publish","hentry"],"acf":[],"yoast_head":"<!-- This site is optimized with the Yoast SEO plugin v27.2 - https:\/\/yoast.com\/product\/yoast-seo-wordpress\/ -->\n<title>Price lists - TJT<\/title>\n<meta name=\"robots\" content=\"index, follow, max-snippet:-1, max-image-preview:large, max-video-preview:-1\" \/>\n<link rel=\"canonical\" href=\"https:\/\/tjt.ee\/en\/hinnakirjad\/\" \/>\n<meta property=\"og:locale\" content=\"en_US\" \/>\n<meta property=\"og:type\" content=\"article\" \/>\n<meta property=\"og:title\" content=\"Price lists - TJT\" \/>\n<meta property=\"og:description\" content=\"TJT offers the possibility to rent or buy new and used containers Container rental and sales\" \/>\n<meta property=\"og:url\" content=\"https:\/\/tjt.ee\/en\/hinnakirjad\/\" \/>\n<meta property=\"og:site_name\" content=\"TJT\" \/>\n<meta property=\"article:modified_time\" content=\"2026-01-07T08:17:24+00:00\" \/>\n<meta name=\"twitter:card\" content=\"summary_large_image\" \/>\n<meta name=\"twitter:label1\" content=\"Est. reading time\" \/>\n\t<meta name=\"twitter:data1\" content=\"1 minute\" \/>\n<script type=\"application\/ld+json\" class=\"yoast-schema-graph\">{\"@context\":\"https:\/\/schema.org\",\"@graph\":[{\"@type\":\"WebPage\",\"@id\":\"https:\/\/tjt.ee\/en\/hinnakirjad\/\",\"url\":\"https:\/\/tjt.ee\/en\/hinnakirjad\/\",\"name\":\"Price lists - TJT\",\"isPartOf\":{\"@id\":\"https:\/\/tjt.ee\/en\/#website\"},\"datePublished\":\"2024-04-24T09:35:10+00:00\",\"dateModified\":\"2026-01-07T08:17:24+00:00\",\"breadcrumb\":{\"@id\":\"https:\/\/tjt.ee\/en\/hinnakirjad\/#breadcrumb\"},\"inLanguage\":\"en-US\",\"potentialAction\":[{\"@type\":\"ReadAction\",\"target\":[\"https:\/\/tjt.ee\/en\/hinnakirjad\/\"]}]},{\"@type\":\"BreadcrumbList\",\"@id\":\"https:\/\/tjt.ee\/en\/hinnakirjad\/#breadcrumb\",\"itemListElement\":[{\"@type\":\"ListItem\",\"position\":1,\"name\":\"Home\",\"item\":\"https:\/\/tjt.ee\/en\/\"},{\"@type\":\"ListItem\",\"position\":2,\"name\":\"Price lists\"}]},{\"@type\":\"WebSite\",\"@id\":\"https:\/\/tjt.ee\/en\/#website\",\"url\":\"https:\/\/tjt.ee\/en\/\",\"name\":\"Tallinna J\u00e4\u00e4tmete Taaskasutuskeskus\",\"description\":\"J\u00e4\u00e4tmek\u00e4itluse ja -veo teenused\",\"publisher\":{\"@id\":\"https:\/\/tjt.ee\/en\/#organization\"},\"potentialAction\":[{\"@type\":\"SearchAction\",\"target\":{\"@type\":\"EntryPoint\",\"urlTemplate\":\"https:\/\/tjt.ee\/en\/?s={search_term_string}\"},\"query-input\":{\"@type\":\"PropertyValueSpecification\",\"valueRequired\":true,\"valueName\":\"search_term_string\"}}],\"inLanguage\":\"en-US\"},{\"@type\":\"Organization\",\"@id\":\"https:\/\/tjt.ee\/en\/#organization\",\"name\":\"Tallinna J\u00e4\u00e4tmete Taaskasutuskeskus AS\",\"url\":\"https:\/\/tjt.ee\/en\/\",\"logo\":{\"@type\":\"ImageObject\",\"inLanguage\":\"en-US\",\"@id\":\"https:\/\/tjt.ee\/en\/#\/schema\/logo\/image\/\",\"url\":\"https:\/\/tjt.ee\/wp-content\/uploads\/2024\/03\/tjt-default.svg\",\"contentUrl\":\"https:\/\/tjt.ee\/wp-content\/uploads\/2024\/03\/tjt-default.svg\",\"width\":135,\"height\":66,\"caption\":\"Tallinna J\u00e4\u00e4tmete Taaskasutuskeskus AS\"},\"image\":{\"@id\":\"https:\/\/tjt.ee\/en\/#\/schema\/logo\/image\/\"}}]}<\/script>\n<!-- \/ Yoast SEO plugin. -->","yoast_head_json":{"title":"Price lists - TJT","robots":{"index":"index","follow":"follow","max-snippet":"max-snippet:-1","max-image-preview":"max-image-preview:large","max-video-preview":"max-video-preview:-1"},"canonical":"https:\/\/tjt.ee\/en\/hinnakirjad\/","og_locale":"en_US","og_type":"article","og_title":"Price lists - TJT","og_description":"TJT offers the possibility to rent or buy new and used containers Container rental and sales","og_url":"https:\/\/tjt.ee\/en\/hinnakirjad\/","og_site_name":"TJT","article_modified_time":"2026-01-07T08:17:24+00:00","twitter_card":"summary_large_image","twitter_misc":{"Est. reading time":"1 minute"},"schema":{"@context":"https:\/\/schema.org","@graph":[{"@type":"WebPage","@id":"https:\/\/tjt.ee\/en\/hinnakirjad\/","url":"https:\/\/tjt.ee\/en\/hinnakirjad\/","name":"Price lists - TJT","isPartOf":{"@id":"https:\/\/tjt.ee\/en\/#website"},"datePublished":"2024-04-24T09:35:10+00:00","dateModified":"2026-01-07T08:17:24+00:00","breadcrumb":{"@id":"https:\/\/tjt.ee\/en\/hinnakirjad\/#breadcrumb"},"inLanguage":"en-US","potentialAction":[{"@type":"ReadAction","target":["https:\/\/tjt.ee\/en\/hinnakirjad\/"]}]},{"@type":"BreadcrumbList","@id":"https:\/\/tjt.ee\/en\/hinnakirjad\/#breadcrumb","itemListElement":[{"@type":"ListItem","position":1,"name":"Home","item":"https:\/\/tjt.ee\/en\/"},{"@type":"ListItem","position":2,"name":"Price lists"}]},{"@type":"WebSite","@id":"https:\/\/tjt.ee\/en\/#website","url":"https:\/\/tjt.ee\/en\/","name":"Tallinna J\u00e4\u00e4tmete Taaskasutuskeskus","description":"J\u00e4\u00e4tmek\u00e4itluse ja -veo teenused","publisher":{"@id":"https:\/\/tjt.ee\/en\/#organization"},"potentialAction":[{"@type":"SearchAction","target":{"@type":"EntryPoint","urlTemplate":"https:\/\/tjt.ee\/en\/?s={search_term_string}"},"query-input":{"@type":"PropertyValueSpecification","valueRequired":true,"valueName":"search_term_string"}}],"inLanguage":"en-US"},{"@type":"Organization","@id":"https:\/\/tjt.ee\/en\/#organization","name":"Tallinna J\u00e4\u00e4tmete Taaskasutuskeskus AS","url":"https:\/\/tjt.ee\/en\/","logo":{"@type":"ImageObject","inLanguage":"en-US","@id":"https:\/\/tjt.ee\/en\/#\/schema\/logo\/image\/","url":"https:\/\/tjt.ee\/wp-content\/uploads\/2024\/03\/tjt-default.svg","contentUrl":"https:\/\/tjt.ee\/wp-content\/uploads\/2024\/03\/tjt-default.svg","width":135,"height":66,"caption":"Tallinna J\u00e4\u00e4tmete Taaskasutuskeskus AS"},"image":{"@id":"https:\/\/tjt.ee\/en\/#\/schema\/logo\/image\/"}}]}},"jetpack_sharing_enabled":true,"_links":{"self":[{"href":"https:\/\/tjt.ee\/en\/wp-json\/wp\/v2\/pages\/1762","targetHints":{"allow":["GET"]}}],"collection":[{"href":"https:\/\/tjt.ee\/en\/wp-json\/wp\/v2\/pages"}],"about":[{"href":"https:\/\/tjt.ee\/en\/wp-json\/wp\/v2\/types\/page"}],"author":[{"embeddable":true,"href":"https:\/\/tjt.ee\/en\/wp-json\/wp\/v2\/users\/1"}],"replies":[{"embeddable":true,"href":"https:\/\/tjt.ee\/en\/wp-json\/wp\/v2\/comments?post=1762"}],"version-history":[{"count":33,"href":"https:\/\/tjt.ee\/en\/wp-json\/wp\/v2\/pages\/1762\/revisions"}],"predecessor-version":[{"id":5577,"href":"https:\/\/tjt.ee\/en\/wp-json\/wp\/v2\/pages\/1762\/revisions\/5577"}],"wp:attachment":[{"href":"https:\/\/tjt.ee\/en\/wp-json\/wp\/v2\/media?parent=1762"}],"curies":[{"name":"wp","href":"https:\/\/api.w.org\/{rel}","templated":true}]}}